{"id":67,"date":"2016-02-06T22:13:12","date_gmt":"2016-02-06T22:13:12","guid":{"rendered":"http:\/\/localhost\/?page_id=67"},"modified":"2022-09-23T17:10:08","modified_gmt":"2022-09-23T17:10:08","slug":"birt-efni","status":"publish","type":"page","link":"https:\/\/enf.is\/index.php\/birt-efni\/","title":{"rendered":"Birt efni"},"content":{"rendered":"<p>Eftirlitsnefnd fasteignasala birtir einkum \u00e1lit, \u00e1kvar\u00f0anir \u00ed m\u00e1lum og umbur\u00f0arbr\u00e9f til fasteignasala. A\u00f0 auki sendir nefndin fr\u00e1 s\u00e9r fr\u00e9ttatilkynningar sem erindi eiga vi\u00f0 fasteignasala og anna\u00f0 efni. Allt efni\u00f0 m\u00e1 n\u00e1lgast h\u00e9r \u00e1 s\u00ed\u00f0unni.<\/p>\n","protected":false},"excerpt":{"rendered":"<p>Eftirlitsnefnd fasteignasala birtir einkum \u00e1lit, \u00e1kvar\u00f0anir \u00ed m\u00e1lum og umbur\u00f0arbr\u00e9f til fasteignasala. A\u00f0 auki sendir nefndin fr\u00e1 s\u00e9r fr\u00e9ttatilkynningar sem<\/p>\n<p><a href=\"https:\/\/enf.is\/index.php\/birt-efni\/\" class=\"more-link\">Continue reading<span class=\"screen-reader-text\">Birt efni<\/span><\/a><\/p>\n","protected":false},"author":1,"featured_media":0,"parent":0,"menu_order":0,"comment_status":"closed","ping_status":"closed","template":"","meta":{"footnotes":""},"class_list":["post-67","page","type-page","status-publish","hentry"],"_links":{"self":[{"href":"https:\/\/enf.is\/index.php\/wp-json\/wp\/v2\/pages\/67"}],"collection":[{"href":"https:\/\/enf.is\/index.php\/wp-json\/wp\/v2\/pages"}],"about":[{"href":"https:\/\/enf.is\/index.php\/wp-json\/wp\/v2\/types\/page"}],"author":[{"embeddable":true,"href":"https:\/\/enf.is\/index.php\/wp-json\/wp\/v2\/users\/1"}],"replies":[{"embeddable":true,"href":"https:\/\/enf.is\/index.php\/wp-json\/wp\/v2\/comments?post=67"}],"version-history":[{"count":25,"href":"https:\/\/enf.is\/index.php\/wp-json\/wp\/v2\/pages\/67\/revisions"}],"predecessor-version":[{"id":815,"href":"https:\/\/enf.is\/index.php\/wp-json\/wp\/v2\/pages\/67\/revisions\/815"}],"wp:attachment":[{"href":"https:\/\/enf.is\/index.php\/wp-json\/wp\/v2\/media?parent=67"}],"curies":[{"name":"wp","href":"https:\/\/api.w.org\/{rel}","templated":true}]}}