{"id":54,"date":"2016-02-06T20:46:34","date_gmt":"2016-02-06T20:46:34","guid":{"rendered":"http:\/\/localhost\/?page_id=54"},"modified":"2021-10-22T10:51:53","modified_gmt":"2021-10-22T10:51:53","slug":"kvartanir-og-abendingar","status":"publish","type":"page","link":"https:\/\/enf.is\/index.php\/kvartanir-og-abendingar\/","title":{"rendered":"\u00c1bendingar"},"content":{"rendered":"<p><strong>Almennt um hlutverk eftirlitsnefndar fasteignasala \u00e1 grundvelli laga nr. 70\/2015.<\/strong><\/p>\n<p>Eftirlitsnefnd fasteignasala starfar \u00e1 grundvelli laga um s\u00f6lu fasteigna og skipa, nr. 70\/2015 (fsl.) og regluger\u00f0ar um eftirlitsnefnd fasteignasala, nr. 931\/2016.<\/p>\n<p>Eftirlitsnefndin skal hafa almennt eftirlit me\u00f0 st\u00f6rfum fasteignasala. N\u00e1nar tilteki\u00f0 eftirlit me\u00f0 \u00fev\u00ed a\u00f0 fasteignasalar starfi \u00ed samr\u00e6mi vi\u00f0 \u00e1kv\u00e6\u00f0i laganna og regluger\u00f0a sem settar eru samkv\u00e6mt \u00feeim, a\u00f0rar r\u00e9ttarreglur sem \u00fe\u00fd\u00f0ingu hafa fyrir st\u00f6rf fasteignasala og g\u00f3\u00f0a venjur \u00ed fasteignas\u00f6lu, sbr. m.a. 1. mgr. 19. gr. laganna. Teki\u00f0 skal fram a\u00f0 sl\u00edkt eftirlit getur hafist \u00e1 grundvelli \u00e1bendinga fr\u00e1 a\u00f0ilum, \u00ed gegnum netfangi\u00f0&nbsp;<a href=\"mailto:enf@enf.is\">enf@enf.is<\/a>. Kj\u00f3si eftirlitsnefnd a\u00f0 hefja stj\u00f3rns\u00fdslum\u00e1l \u00e1 grundvelli sl\u00edks eftirlits v\u00e6ri \u00fea\u00f0 eing\u00f6ngu hluta\u00f0eigandi fasteignasali\/ar og eftirlitsnefndin sj\u00e1lf sem yr\u00f0u a\u00f0ilar a\u00f0 m\u00e1linu.<\/p>\n","protected":false},"excerpt":{"rendered":"<p>Almennt um hlutverk eftirlitsnefndar fasteignasala \u00e1 grundvelli laga nr. 70\/2015. Eftirlitsnefnd fasteignasala starfar \u00e1 grundvelli laga um s\u00f6lu fasteigna og<\/p>\n<p><a href=\"https:\/\/enf.is\/index.php\/kvartanir-og-abendingar\/\" class=\"more-link\">Continue reading<span class=\"screen-reader-text\">\u00c1bendingar<\/span><\/a><\/p>\n","protected":false},"author":1,"featured_media":0,"parent":0,"menu_order":0,"comment_status":"closed","ping_status":"closed","template":"","meta":{"footnotes":""},"class_list":["post-54","page","type-page","status-publish","hentry"],"_links":{"self":[{"href":"https:\/\/enf.is\/index.php\/wp-json\/wp\/v2\/pages\/54"}],"collection":[{"href":"https:\/\/enf.is\/index.php\/wp-json\/wp\/v2\/pages"}],"about":[{"href":"https:\/\/enf.is\/index.php\/wp-json\/wp\/v2\/types\/page"}],"author":[{"embeddable":true,"href":"https:\/\/enf.is\/index.php\/wp-json\/wp\/v2\/users\/1"}],"replies":[{"embeddable":true,"href":"https:\/\/enf.is\/index.php\/wp-json\/wp\/v2\/comments?post=54"}],"version-history":[{"count":12,"href":"https:\/\/enf.is\/index.php\/wp-json\/wp\/v2\/pages\/54\/revisions"}],"predecessor-version":[{"id":726,"href":"https:\/\/enf.is\/index.php\/wp-json\/wp\/v2\/pages\/54\/revisions\/726"}],"wp:attachment":[{"href":"https:\/\/enf.is\/index.php\/wp-json\/wp\/v2\/media?parent=54"}],"curies":[{"name":"wp","href":"https:\/\/api.w.org\/{rel}","templated":true}]}}