{"id":342,"date":"2017-09-28T10:06:50","date_gmt":"2017-09-28T10:06:50","guid":{"rendered":"http:\/\/enf.is\/?page_id=342"},"modified":"2024-10-29T17:03:12","modified_gmt":"2024-10-29T17:03:12","slug":"akvardanir","status":"publish","type":"page","link":"https:\/\/enf.is\/index.php\/akvardanir\/","title":{"rendered":"\u00c1kvar\u00f0anir"},"content":{"rendered":"<p>H\u00e9r eru\u00a0birtar \u00e1kvar\u00f0anir eftirlitsnefndar fasteignasala, samkv\u00e6mt l\u00f6gum um s\u00f6lu fasteigna og skipa, nr. 70\/2015.<\/p>\n<p><a href=\"https:\/\/enf.is\/wp-content\/uploads\/2024\/10\/ENF-F-003-24.pdf\" target=\"_blank\" rel=\"noopener\">\u00c1kv\u00f6r\u00f0un \u00ed m\u00e1li nr. F-003-24, dags. 30. \u00e1g\u00fast 2024<\/a><\/p>\n<p><a href=\"https:\/\/enf.is\/wp-content\/uploads\/2023\/01\/ENF_F-023-22_Aminning_200123_Nafnlaust.pdf\" target=\"_blank\" rel=\"noopener\">\u00c1kv\u00f6r\u00f0un \u00ed m\u00e1li nr. F-023-22, dags. 20. jan\u00faar 2023<\/a><\/p>\n<p><a href=\"https:\/\/enf.is\/wp-content\/uploads\/2023\/01\/Akvordun_ENF_Mal_nr_F-009-21.pdf\" target=\"_blank\" rel=\"noopener\">\u00c1kv\u00f6r\u00f0un \u00ed m\u00e1li nr. F-009-21, dags. 29. desember 2022<\/a><\/p>\n<p><a href=\"https:\/\/enf.is\/wp-content\/uploads\/2022\/11\/F-001-22._Akvordun_ENF_030222-1.pdf\" target=\"_blank\" rel=\"noopener\">\u00c1kv\u00f6r\u00f0un \u00ed m\u00e1li nr. F-001-22, dags. 3. febr\u00faar 2022<\/a><\/p>\n<p><a href=\"https:\/\/enf.is\/wp-content\/uploads\/2019\/09\/Akvordun_i_mali_nr._F-004-19dags.19.juli_2019utdrattur.pdf\">\u00c1kv\u00f6r\u00f0un \u00ed m\u00e1li nr. F-004-19, dags. 19. j\u00fal\u00ed 2019 &#8211; \u00fatdr\u00e1ttur<\/a><\/p>\n<p><a href=\"https:\/\/enf.is\/wp-content\/uploads\/2016\/08\/Akvordun_F_6_16.pdf\" target=\"_blank\" rel=\"noopener noreferrer\">\u00c1kv\u00f6r\u00f0un \u00ed m\u00e1li nr. F-006-16, dags. 28. j\u00fan\u00ed 2016 &#8211; \u00fatdr\u00e1ttur<\/a><\/p>\n<p><a href=\"https:\/\/enf.is\/wp-content\/uploads\/2016\/08\/Akvordun_F_5_16.pdf\" target=\"_blank\" rel=\"noopener noreferrer\">\u00c1kv\u00f6r\u00f0un \u00ed m\u00e1li nr. F-005-16, dags. 28. j\u00fan\u00ed 2016 &#8211; \u00fatdr\u00e1ttur<\/a><\/p>\n<p><a href=\"https:\/\/enf.is\/wp-content\/uploads\/2016\/08\/Akvordun_F_3_16.pdf\" target=\"_blank\" rel=\"noopener noreferrer\">\u00c1kv\u00f6r\u00f0un \u00ed m\u00e1li nr. F-003-16, dags. 28. j\u00fan\u00ed 2016 &#8211; \u00fatdr\u00e1ttur<\/a><\/p>\n<p><a href=\"https:\/\/enf.is\/wp-content\/uploads\/2016\/08\/Akvodun_F_8_15.pdf\" target=\"_blank\" rel=\"noopener noreferrer\">\u00c1kv\u00f6r\u00f0un \u00ed m\u00e1li nr. F-008-15, dags. 28. j\u00fan\u00ed 2016 &#8211; \u00fatdr\u00e1ttur<\/a><\/p>\n<p><a href=\"https:\/\/enf.is\/wp-content\/uploads\/2016\/08\/Akvordun_F_7_15.pdf\" target=\"_blank\" rel=\"noopener noreferrer\">\u00c1kv\u00f6r\u00f0un \u00ed m\u00e1li nr. F-007-15, dags. 28. j\u00fan\u00ed 2016 &#8211; \u00fatdr\u00e1ttur<\/a><\/p>\n<p><a href=\"https:\/\/enf.is\/wp-content\/uploads\/2016\/02\/akvordun_F_19_2011..pdf\" target=\"_blank\" rel=\"noopener noreferrer\">\u00c1kv\u00f6r\u00f0un \u00ed m\u00e1li nr. F-019-11, dags. 14. febr\u00faar 2012<\/a><\/p>\n","protected":false},"excerpt":{"rendered":"<p>H\u00e9r eru\u00a0birtar \u00e1kvar\u00f0anir eftirlitsnefndar fasteignasala, samkv\u00e6mt l\u00f6gum um s\u00f6lu fasteigna og skipa, nr. 70\/2015. \u00c1kv\u00f6r\u00f0un \u00ed m\u00e1li nr. F-003-24, dags.<\/p>\n<p><a href=\"https:\/\/enf.is\/index.php\/akvardanir\/\" class=\"more-link\">Continue reading<span class=\"screen-reader-text\">\u00c1kvar\u00f0anir<\/span><\/a><\/p>\n","protected":false},"author":3,"featured_media":0,"parent":0,"menu_order":0,"comment_status":"closed","ping_status":"closed","template":"","meta":{"footnotes":""},"class_list":["post-342","page","type-page","status-publish","hentry"],"_links":{"self":[{"href":"https:\/\/enf.is\/index.php\/wp-json\/wp\/v2\/pages\/342"}],"collection":[{"href":"https:\/\/enf.is\/index.php\/wp-json\/wp\/v2\/pages"}],"about":[{"href":"https:\/\/enf.is\/index.php\/wp-json\/wp\/v2\/types\/page"}],"author":[{"embeddable":true,"href":"https:\/\/enf.is\/index.php\/wp-json\/wp\/v2\/users\/3"}],"replies":[{"embeddable":true,"href":"https:\/\/enf.is\/index.php\/wp-json\/wp\/v2\/comments?post=342"}],"version-history":[{"count":11,"href":"https:\/\/enf.is\/index.php\/wp-json\/wp\/v2\/pages\/342\/revisions"}],"predecessor-version":[{"id":973,"href":"https:\/\/enf.is\/index.php\/wp-json\/wp\/v2\/pages\/342\/revisions\/973"}],"wp:attachment":[{"href":"https:\/\/enf.is\/index.php\/wp-json\/wp\/v2\/media?parent=342"}],"curies":[{"name":"wp","href":"https:\/\/api.w.org\/{rel}","templated":true}]}}