{"id":29,"date":"2016-02-06T18:00:52","date_gmt":"2016-02-06T18:00:52","guid":{"rendered":"http:\/\/localhost\/?page_id=29"},"modified":"2025-06-02T15:13:42","modified_gmt":"2025-06-02T15:13:42","slug":"eydublod","status":"publish","type":"page","link":"https:\/\/enf.is\/index.php\/eydublod\/","title":{"rendered":"Ey\u00f0ubl\u00f6\u00f0"},"content":{"rendered":"<p style=\"text-align: justify;\"><strong>FJ\u00c1RV\u00d6RSLUYFIRL\u00ddSING OG STARFS\u00c1BYRG\u00d0ARTRYGGING FASTEIGNASALA<\/strong><\/p>\n<p style=\"text-align: justify;\">Samkv\u00e6mt 1. mgr. 21. gr. laga nr. 70\/2015 skal fasteignasali skila til eftirlitsnefndar fasteignasala eigi s\u00ed\u00f0ar en 15. okt\u00f3ber \u00e1r hvert yfirl\u00fdsingu l\u00f6ggilts endursko\u00f0anda um a\u00f0 me\u00f0fer\u00f0 hans \u00e1 fj\u00e1rmunum vi\u00f0skiptamanna hans undangengi\u00f0 reiknings\u00e1r s\u00e9 \u00ed samr\u00e6mi vi\u00f0 l\u00f6gin og reglur um v\u00f6rslufj\u00e1rreikninga. Fasteignasali skal jafnframt fyrir 15. okt\u00f3ber \u00e1r hvert senda eftirlitsnefnd fasteignasala sta\u00f0festingu \u00e1 a\u00f0 hann hafi \u00ed gildi fulln\u00e6gjandi starfs\u00e1byrg\u00f0artryggingu, sbr. 4. og 19. gr. laga nr. 70\/2015.\u00a0<\/p>\n<p style=\"text-align: justify;\">Vi\u00f0 innl\u00f6gn starfsr\u00e9ttinda skal fasteignasali skila til eftirlitsnefndarinnar samb\u00e6rilegri yfirl\u00fdsingu fyrir \u00fea\u00f0 t\u00edmabil sem vi\u00f0komandi a\u00f0ili starfa\u00f0i sem fasteignasali. Yfirl\u00fdsingum skal skila \u00e1 netfang eftirlitsnefndarinnar, enf@enf.is.\u00a0<\/p>\n<p>Ey\u00f0ubl\u00f6\u00f0 vegna fj\u00e1rv\u00f6rsluyfirl\u00fdsinga 2025 m\u00e1 n\u00e1lgast <a href=\"https:\/\/enf.is\/wp-content\/uploads\/2025\/06\/Fjarvorsluyfirlysingar-2025-vegna-2024.pdf\" target=\"_blank\" rel=\"noopener\">h\u00e9r<\/a>.<\/p>\n<p>Ey\u00f0ubl\u00f6\u00f0 fyrir fj\u00e1rv\u00f6rsluyfirl\u00fdsingu vegna innlagnar l\u00f6ggildingar m\u00e1 n\u00e1lgast <a href=\"https:\/\/enf.is\/wp-content\/uploads\/2022\/05\/Innlogn_eydublod-1.pdf\" target=\"_blank\" rel=\"noopener\">h\u00e9r<\/a>.<\/p>\n<p style=\"text-align: justify;\"><strong style=\"color: var( --e-global-color-text ); font-family: var( --e-global-typography-text-font-family ), Sans-serif; font-size: 1.25rem;\">UMS\u00d3KN UM STARFSHEIMILD NEMENDA SKV. 8. GR. A LAGA NR. 70\/2015 OG TILKYNNING UM BREYTINGU \u00c1 \u00c1BYRG\u00d0ARA\u00d0ILA NEMANDA<\/strong><\/p>\n<p style=\"text-align: justify;\">\u00der\u00e1tt fyrir fyrirm\u00e6li\u00a02. mgr. 8. gr., um a\u00f0 fasteignasala beri sj\u00e1lfum a\u00f0 sinna \u00feeim verkefnum sem l\u00f6ggilding hans n\u00e6r til, er heimilt a\u00f0 fela nemendum \u00ed n\u00e1mi til l\u00f6ggildingar \u00ed s\u00f6lu fasteigna og skipa sem loki\u00f0 hafa einni \u00f6nn me\u00f0 fulln\u00e6gjandi me\u00f0aleinkunn og starfa sem s\u00f6lumenn hj\u00e1 l\u00f6ggiltum fasteignasala a\u00f0 a\u00f0sto\u00f0a fasteignasala vi\u00f0 tiltekin verkefni \u00e1 fasteignas\u00f6lu. S\u00e6kja \u00fearf s\u00e9rstaklega um sl\u00edka heimild\u00a0til eftirlitsnefndar fasteignsala. Ver\u00f0i breyting \u00e1 \u00e1byrg\u00f0ara\u00f0ila nemanda, s.s. ef hann skiptir um starfsst\u00f6\u00f0, skal tilkynna breytinguna\u00a0til eftirlitsnefndarinnar.\u00a0Takist vi\u00f0komandi nema ekki a\u00f0 lj\u00faka n\u00e1mi innan tveggja \u00e1ra fr\u00e1 veitingu starfsheimildar nema skv. 8. gr. a., \u00fe\u00e1 telur eftirlitsnefndin a\u00f0 nema s\u00e9 heimilt a\u00f0 s\u00e6kja um vi\u00f0b\u00f3tarfrest \u00e1 starfsheimild hans enda s\u00e9u m\u00e1lefnaleg r\u00f6k fyrir \u00fev\u00ed.<\/p>\n<p style=\"text-align: justify;\">Ey\u00f0ubla\u00f0 fyrir ums\u00f3kn um starfsheimild nemenda m\u00e1 n\u00e1lgast <a style=\"font-family: var( --e-global-typography-text-font-family ), Sans-serif; font-weight: var( --e-global-typography-text-font-weight ); background-color: #ffffff; font-size: 1.25rem;\" href=\"https:\/\/enf.is\/wp-content\/uploads\/2020\/03\/Eydublad-v.-gr.-8a-2020.pdf\" target=\"_blank\" rel=\"noopener noreferrer\">h\u00e9r<\/a>.<\/p>\n<p>Ey\u00f0ubla\u00f0 fyrir ums\u00f3kn um vi\u00f0b\u00f3tarfrest vegna starfsheimildar nemanda m\u00e1 n\u00e1lgast<a style=\"font-family: var( --e-global-typography-text-font-family ), Sans-serif; font-weight: var( --e-global-typography-text-font-weight ); background-color: #ffffff; font-size: 1.25rem;\" href=\"https:\/\/enf.is\/wp-content\/uploads\/2020\/03\/Eydublad-v.-gr.-8a-vi\u00f0b\u00f3tarfrestur-2020.pdf\" target=\"_blank\" rel=\"noopener noreferrer\"> h\u00e9r<\/a>.<\/p>\n<p>Ey\u00f0ubla\u00f0 fyrir tilkynningu um breytingu \u00e1 \u00e1byrg\u00f0ara\u00f0ila nemanda m\u00e1 n\u00e1lgast <a style=\"font-family: var( --e-global-typography-text-font-family ), Sans-serif; font-weight: var( --e-global-typography-text-font-weight ); background-color: #ffffff; font-size: 1.25rem;\" href=\"https:\/\/enf.is\/wp-content\/uploads\/2020\/03\/Tilkynning-v.-breyt.-abyrgdaradila-v.-gr.-8a-2020.pdf\" target=\"_blank\" rel=\"noopener noreferrer\">h\u00e9r<\/a>.<\/p>\n","protected":false},"excerpt":{"rendered":"<p>FJ\u00c1RV\u00d6RSLUYFIRL\u00ddSING OG STARFS\u00c1BYRG\u00d0ARTRYGGING FASTEIGNASALA Samkv\u00e6mt 1. mgr. 21. gr. laga nr. 70\/2015 skal fasteignasali skila til eftirlitsnefndar fasteignasala eigi s\u00ed\u00f0ar<\/p>\n<p><a href=\"https:\/\/enf.is\/index.php\/eydublod\/\" class=\"more-link\">Continue reading<span class=\"screen-reader-text\">Ey\u00f0ubl\u00f6\u00f0<\/span><\/a><\/p>\n","protected":false},"author":1,"featured_media":0,"parent":0,"menu_order":0,"comment_status":"closed","ping_status":"closed","template":"","meta":{"footnotes":""},"class_list":["post-29","page","type-page","status-publish","hentry"],"_links":{"self":[{"href":"https:\/\/enf.is\/index.php\/wp-json\/wp\/v2\/pages\/29"}],"collection":[{"href":"https:\/\/enf.is\/index.php\/wp-json\/wp\/v2\/pages"}],"about":[{"href":"https:\/\/enf.is\/index.php\/wp-json\/wp\/v2\/types\/page"}],"author":[{"embeddable":true,"href":"https:\/\/enf.is\/index.php\/wp-json\/wp\/v2\/users\/1"}],"replies":[{"embeddable":true,"href":"https:\/\/enf.is\/index.php\/wp-json\/wp\/v2\/comments?post=29"}],"version-history":[{"count":116,"href":"https:\/\/enf.is\/index.php\/wp-json\/wp\/v2\/pages\/29\/revisions"}],"predecessor-version":[{"id":1000,"href":"https:\/\/enf.is\/index.php\/wp-json\/wp\/v2\/pages\/29\/revisions\/1000"}],"wp:attachment":[{"href":"https:\/\/enf.is\/index.php\/wp-json\/wp\/v2\/media?parent=29"}],"curies":[{"name":"wp","href":"https:\/\/api.w.org\/{rel}","templated":true}]}}