{"id":184,"date":"2016-02-15T23:27:10","date_gmt":"2016-02-15T23:27:10","guid":{"rendered":"http:\/\/enf.is\/?page_id=184"},"modified":"2025-01-15T15:58:13","modified_gmt":"2025-01-15T15:58:13","slug":"annad-efni","status":"publish","type":"page","link":"https:\/\/enf.is\/index.php\/annad-efni\/","title":{"rendered":"Anna\u00f0 efni"},"content":{"rendered":"<p>H\u00e9r er a\u00f0 finna anna\u00f0 efni fr\u00e1 eftirlitsnefnd fasteignasala.<\/p>\n<p>&#8211;<a href=\"https:\/\/enf.is\/wp-content\/uploads\/2025\/01\/Birtur_listi_yfir_veittar_undanth._skv._8._gr._a_150125.pdf\" target=\"_blank\" rel=\"noopener\">Listi yfir veittar starfsheimildir skv. 8. gr. a \u2013 Uppf\u00e6rt 15. jan\u00faar 2025.<\/a><\/p>\n<p>&#8211;<a href=\"https:\/\/enf.is\/wp-content\/uploads\/2022\/09\/Birtur-listi-50-130922.pdf\" target=\"_blank\" rel=\"noopener\">Listi yfir veittar heimildir skv. br\u00e1\u00f0abirg\u00f0a\u00e1kv\u00e6\u00f0i IV &#8211; Uppf\u00e6rt 13. september 2022.<\/a><\/p>\n<p style=\"margin-bottom: 1.66667em;\">-\u00c1rssk\u00fdrslur ENF<\/p>\n<p style=\"margin-bottom: 1.66667em;\">\u00a0&#8211;<a style=\"font-family: var( --e-global-typography-text-font-family ), Sans-serif; font-weight: var( --e-global-typography-text-font-weight ); font-size: 1.25rem; background-color: #ffffff; transition-property: all;\" href=\"https:\/\/enf.is\/wp-content\/uploads\/2024\/02\/Arsskyrsla-2023.pdf\" target=\"_blank\" rel=\"noopener\">\u00c1rssk\u00fdrsla ENF 2023<\/a><\/p>\n<p><strong>-Gl\u00e6rur fr\u00e1 kynningarfundi ENF hinn 16. febr\u00faar 2016<\/strong><\/p>\n<p>&#8211;<a href=\"https:\/\/enf.is\/wp-content\/uploads\/2016\/02\/glaerur_16.2.2016_I.pptx\">Gl\u00e6rur I: Almenn sj\u00f3narmi\u00f0 um st\u00f6rf fasteignasala.<\/a><\/p>\n<p>&#8211;<a href=\"https:\/\/enf.is\/wp-content\/uploads\/2016\/02\/glaerur_16.2.2016_II.pptx\">Gl\u00e6rur II: Helstu n\u00fdm\u00e6li laga nr. 70\/2015, um s\u00f6lu fasteigna og skipa.<\/a><\/p>\n<p>&#8211;<a href=\"https:\/\/enf.is\/wp-content\/uploads\/2016\/02\/fjolmidlayfirlysing_17.05.11.pdf\">Yfirl\u00fdsing til fj\u00f6lmi\u00f0la, hinn 17. ma\u00ed 2011.<\/a><\/p>\n<p><\/p>\n<p><\/p>","protected":false},"excerpt":{"rendered":"<p>H\u00e9r er a\u00f0 finna anna\u00f0 efni fr\u00e1 eftirlitsnefnd fasteignasala. &#8211;Listi yfir veittar starfsheimildir skv. 8. gr. a \u2013 Uppf\u00e6rt 15.<\/p>\n<p><a href=\"https:\/\/enf.is\/index.php\/annad-efni\/\" class=\"more-link\">Continue reading<span class=\"screen-reader-text\">Anna\u00f0 efni<\/span><\/a><\/p>\n","protected":false},"author":1,"featured_media":0,"parent":0,"menu_order":0,"comment_status":"closed","ping_status":"closed","template":"","meta":{"footnotes":""},"class_list":["post-184","page","type-page","status-publish","hentry"],"_links":{"self":[{"href":"https:\/\/enf.is\/index.php\/wp-json\/wp\/v2\/pages\/184"}],"collection":[{"href":"https:\/\/enf.is\/index.php\/wp-json\/wp\/v2\/pages"}],"about":[{"href":"https:\/\/enf.is\/index.php\/wp-json\/wp\/v2\/types\/page"}],"author":[{"embeddable":true,"href":"https:\/\/enf.is\/index.php\/wp-json\/wp\/v2\/users\/1"}],"replies":[{"embeddable":true,"href":"https:\/\/enf.is\/index.php\/wp-json\/wp\/v2\/comments?post=184"}],"version-history":[{"count":91,"href":"https:\/\/enf.is\/index.php\/wp-json\/wp\/v2\/pages\/184\/revisions"}],"predecessor-version":[{"id":984,"href":"https:\/\/enf.is\/index.php\/wp-json\/wp\/v2\/pages\/184\/revisions\/984"}],"wp:attachment":[{"href":"https:\/\/enf.is\/index.php\/wp-json\/wp\/v2\/media?parent=184"}],"curies":[{"name":"wp","href":"https:\/\/api.w.org\/{rel}","templated":true}]}}